{"id":2083,"date":"2024-10-02T13:24:23","date_gmt":"2024-10-02T11:24:23","guid":{"rendered":"https:\/\/dragsbaek.dk\/?page_id=2083"},"modified":"2024-10-29T10:36:45","modified_gmt":"2024-10-29T09:36:45","slug":"trading","status":"publish","type":"page","link":"https:\/\/dragsbaek.dk\/en\/trading\/","title":{"rendered":"Trading"},"content":{"rendered":"\t\t<div data-elementor-type=\"wp-page\" data-elementor-id=\"2083\" class=\"elementor elementor-2083 elementor-1220\" data-elementor-post-type=\"page\">\n\t\t\t\t<div class=\"elementor-element elementor-element-a363be1 e-con-full e-flex e-con e-parent\" data-id=\"a363be1\" data-element_type=\"container\" data-e-type=\"container\" data-settings=\"{&quot;background_background&quot;:&quot;classic&quot;}\">\n\t\t<div class=\"elementor-element elementor-element-88fb010 e-con-full elementor-hidden-desktop elementor-hidden-tablet elementor-hidden-mobile e-flex e-con e-child\" data-id=\"88fb010\" data-element_type=\"container\" data-e-type=\"container\" data-settings=\"{&quot;position&quot;:&quot;absolute&quot;}\">\n\t\t<div class=\"elementor-element elementor-element-07d6c45 e-con-full elementor-hidden-mobile e-flex e-con e-child\" data-id=\"07d6c45\" data-element_type=\"container\" data-e-type=\"container\">\n\t\t\t\t<div class=\"elementor-element elementor-element-3302277 elementor-widget elementor-widget-heading\" data-id=\"3302277\" data-element_type=\"widget\" data-e-type=\"widget\" data-widget_type=\"heading.default\">\n\t\t\t\t<div class=\"elementor-widget-container\">\n\t\t\t\t\t<h2 class=\"elementor-heading-title elementor-size-default\">Dragsb\u00e6k Trading<\/h2>\t\t\t\t<\/div>\n\t\t\t\t<\/div>\n\t\t\t\t<\/div>\n\t\t<div class=\"elementor-element elementor-element-a086272 e-con-full e-flex e-con e-child\" data-id=\"a086272\" data-element_type=\"container\" data-e-type=\"container\">\n\t\t\t\t<\/div>\n\t\t\t\t<\/div>\n\t\t\t\t<\/div>\n\t\t<div class=\"elementor-element elementor-element-9dfa251 e-flex e-con-boxed e-con e-parent\" data-id=\"9dfa251\" data-element_type=\"container\" data-e-type=\"container\" data-settings=\"{&quot;background_background&quot;:&quot;classic&quot;}\">\n\t\t\t\t\t<div class=\"e-con-inner\">\n\t\t\t\t<div class=\"elementor-element elementor-element-9aa765f elementor-widget elementor-widget-heading\" data-id=\"9aa765f\" data-element_type=\"widget\" data-e-type=\"widget\" data-widget_type=\"heading.default\">\n\t\t\t\t<div class=\"elementor-widget-container\">\n\t\t\t\t\t<h2 class=\"elementor-heading-title elementor-size-default\">Dragsb\u00e6k Trading<\/h2>\t\t\t\t<\/div>\n\t\t\t\t<\/div>\n\t\t\t\t<div class=\"elementor-element elementor-element-1fd52c4 elementor-widget elementor-widget-heading\" data-id=\"1fd52c4\" data-element_type=\"widget\" data-e-type=\"widget\" data-widget_type=\"heading.default\">\n\t\t\t\t<div class=\"elementor-widget-container\">\n\t\t\t\t\t<h2 class=\"elementor-heading-title elementor-size-default\">Since the acquisition of SR-Food in 2017, Trading has been a key growth area for Dragsb\u00e6k. <span class=\"off-clr\">We leverage our extensive network of suppliers in Europe and around the world to deliver quality products to our customers.<\/span><\/h2>\t\t\t\t<\/div>\n\t\t\t\t<\/div>\n\t\t\t\t\t<\/div>\n\t\t\t\t<\/div>\n\t\t<div class=\"elementor-element elementor-element-73edcfb e-con-full e-flex e-con e-parent\" data-id=\"73edcfb\" data-element_type=\"container\" data-e-type=\"container\" data-settings=\"{&quot;background_background&quot;:&quot;classic&quot;}\">\n\t\t<div class=\"elementor-element elementor-element-f5eff07 e-con-full e-flex e-con e-child\" data-id=\"f5eff07\" data-element_type=\"container\" data-e-type=\"container\">\n\t\t\t\t<div class=\"elementor-element elementor-element-eccb3cd elementor-widget elementor-widget-image\" data-id=\"eccb3cd\" data-element_type=\"widget\" data-e-type=\"widget\" data-widget_type=\"image.default\">\n\t\t\t\t<div class=\"elementor-widget-container\">\n\t\t\t\t\t\t\t\t\t\t\t\t\t\t\t<img loading=\"lazy\" decoding=\"async\" loading=\"lazy\" width=\"960\" height=\"883\" src=\"https:\/\/dragsbaek.dk\/wp-content\/uploads\/2024\/10\/SR_serrano_hoej-cut-1.jpg\" class=\"attachment-full size-full wp-image-1244\" alt=\"\" srcset=\"https:\/\/dragsbaek.dk\/wp-content\/uploads\/2024\/10\/SR_serrano_hoej-cut-1.jpg 960w, https:\/\/dragsbaek.dk\/wp-content\/uploads\/2024\/10\/SR_serrano_hoej-cut-1-300x276.jpg 300w, https:\/\/dragsbaek.dk\/wp-content\/uploads\/2024\/10\/SR_serrano_hoej-cut-1-768x706.jpg 768w\" sizes=\"auto, (max-width: 960px) 100vw, 960px\" \/>\t\t\t\t\t\t\t\t\t\t\t\t\t\t\t<\/div>\n\t\t\t\t<\/div>\n\t\t\t\t<\/div>\n\t\t<div class=\"elementor-element elementor-element-d7db9f9 e-con-full e-flex e-con e-child\" data-id=\"d7db9f9\" data-element_type=\"container\" data-e-type=\"container\">\n\t\t\t\t<div class=\"elementor-element elementor-element-d983afc elementor-widget elementor-widget-heading\" data-id=\"d983afc\" data-element_type=\"widget\" data-e-type=\"widget\" data-widget_type=\"heading.default\">\n\t\t\t\t<div class=\"elementor-widget-container\">\n\t\t\t\t\t<h2 class=\"elementor-heading-title elementor-size-default\">Products &amp; Sourcing<\/h2>\t\t\t\t<\/div>\n\t\t\t\t<\/div>\n\t\t\t\t<div class=\"elementor-element elementor-element-55da9cb elementor-widget elementor-widget-text-editor\" data-id=\"55da9cb\" data-element_type=\"widget\" data-e-type=\"widget\" data-widget_type=\"text-editor.default\">\n\t\t\t\t<div class=\"elementor-widget-container\">\n\t\t\t\t\t\t\t\t\tOur specialties include pizza, pasta, charcuterie, and dairy products that cannot be produced at our own facilities. We primarily collaborate with European suppliers, focusing on \u2018speed to market\u2019 and flexible solutions for our customers. Dragsb\u00e6k Trading is based in Randers.\t\t\t\t\t\t\t\t<\/div>\n\t\t\t\t<\/div>\n\t\t\t\t<\/div>\n\t\t\t\t<\/div>\n\t\t<div class=\"elementor-element elementor-element-9acea9a e-con-full e-flex e-con e-parent\" data-id=\"9acea9a\" data-element_type=\"container\" data-e-type=\"container\" data-settings=\"{&quot;background_background&quot;:&quot;classic&quot;}\">\n\t\t<div class=\"elementor-element elementor-element-f1777fb e-con-full e-flex e-con e-child\" data-id=\"f1777fb\" data-element_type=\"container\" data-e-type=\"container\">\n\t\t\t\t<div class=\"elementor-element elementor-element-397570a elementor-widget elementor-widget-heading\" data-id=\"397570a\" data-element_type=\"widget\" data-e-type=\"widget\" data-widget_type=\"heading.default\">\n\t\t\t\t<div class=\"elementor-widget-container\">\n\t\t\t\t\t<h2 class=\"elementor-heading-title elementor-size-default\">Sustainability<\/h2>\t\t\t\t<\/div>\n\t\t\t\t<\/div>\n\t\t\t\t<div class=\"elementor-element elementor-element-e6f0ce5 elementor-widget elementor-widget-text-editor\" data-id=\"e6f0ce5\" data-element_type=\"widget\" data-e-type=\"widget\" data-widget_type=\"text-editor.default\">\n\t\t\t\t<div class=\"elementor-widget-container\">\n\t\t\t\t\t\t\t\t\tWe offer a wide range of products in our Trading portfolio and assist in selecting products that can reduce CO2 emissions. With our advanced carbon calculation tool, we can make precise calculations to carefully select the most climate-friendly solutions.\t\t\t\t\t\t\t\t<\/div>\n\t\t\t\t<\/div>\n\t\t\t\t<\/div>\n\t\t<div class=\"elementor-element elementor-element-0bc8947 e-con-full e-flex e-con e-child\" data-id=\"0bc8947\" data-element_type=\"container\" data-e-type=\"container\">\n\t\t\t\t<div class=\"elementor-element elementor-element-b8ac0cc elementor-widget elementor-widget-image\" data-id=\"b8ac0cc\" data-element_type=\"widget\" data-e-type=\"widget\" data-widget_type=\"image.default\">\n\t\t\t\t<div class=\"elementor-widget-container\">\n\t\t\t\t\t\t\t\t\t\t\t\t\t\t\t<img loading=\"lazy\" decoding=\"async\" loading=\"lazy\" width=\"960\" height=\"720\" src=\"https:\/\/dragsbaek.dk\/wp-content\/uploads\/2024\/10\/SR_pasta_hoej-cut-1.jpg\" class=\"attachment-full size-full wp-image-1242\" alt=\"\" srcset=\"https:\/\/dragsbaek.dk\/wp-content\/uploads\/2024\/10\/SR_pasta_hoej-cut-1.jpg 960w, https:\/\/dragsbaek.dk\/wp-content\/uploads\/2024\/10\/SR_pasta_hoej-cut-1-300x225.jpg 300w, https:\/\/dragsbaek.dk\/wp-content\/uploads\/2024\/10\/SR_pasta_hoej-cut-1-768x576.jpg 768w\" sizes=\"auto, (max-width: 960px) 100vw, 960px\" \/>\t\t\t\t\t\t\t\t\t\t\t\t\t\t\t<\/div>\n\t\t\t\t<\/div>\n\t\t\t\t<\/div>\n\t\t\t\t<\/div>\n\t\t\t\t<\/div>\n\t\t","protected":false},"excerpt":{"rendered":"<p>Dragsb\u00e6k Trading Dragsb\u00e6k Trading Since the acquisition of SR-Food in 2017, Trading has been a key growth area for Dragsb\u00e6k. We leverage our extensive network of suppliers in Europe and around the world to deliver quality products to our customers. Products &amp; Sourcing Our specialties include pizza, pasta, charcuterie, and dairy products that cannot be [&hellip;]<\/p>\n","protected":false},"author":2,"featured_media":0,"parent":0,"menu_order":0,"comment_status":"closed","ping_status":"closed","template":"","meta":{"_acf_changed":false,"inline_featured_image":false,"footnotes":""},"class_list":["post-2083","page","type-page","status-publish","hentry"],"acf":[],"_links":{"self":[{"href":"https:\/\/dragsbaek.dk\/en\/wp-json\/wp\/v2\/pages\/2083","targetHints":{"allow":["GET"]}}],"collection":[{"href":"https:\/\/dragsbaek.dk\/en\/wp-json\/wp\/v2\/pages"}],"about":[{"href":"https:\/\/dragsbaek.dk\/en\/wp-json\/wp\/v2\/types\/page"}],"author":[{"embeddable":true,"href":"https:\/\/dragsbaek.dk\/en\/wp-json\/wp\/v2\/users\/2"}],"replies":[{"embeddable":true,"href":"https:\/\/dragsbaek.dk\/en\/wp-json\/wp\/v2\/comments?post=2083"}],"version-history":[{"count":3,"href":"https:\/\/dragsbaek.dk\/en\/wp-json\/wp\/v2\/pages\/2083\/revisions"}],"predecessor-version":[{"id":2090,"href":"https:\/\/dragsbaek.dk\/en\/wp-json\/wp\/v2\/pages\/2083\/revisions\/2090"}],"wp:attachment":[{"href":"https:\/\/dragsbaek.dk\/en\/wp-json\/wp\/v2\/media?parent=2083"}],"curies":[{"name":"wp","href":"https:\/\/api.w.org\/{rel}","templated":true}]}}